{"id":12,"date":"2024-08-09T16:52:56","date_gmt":"2024-08-09T14:52:56","guid":{"rendered":"https:\/\/ra-miles.de\/ra\/?page_id=12"},"modified":"2024-11-19T12:07:05","modified_gmt":"2024-11-19T11:07:05","slug":"ra-miles","status":"publish","type":"page","link":"https:\/\/ra-miles.de\/ra\/","title":{"rendered":"Start"},"content":{"rendered":"\n[et_pb_section fb_built=&#8220;1&#8243; _builder_version=&#8220;4.27.0&#8243; _module_preset=&#8220;default&#8220; global_colors_info=&#8220;{}&#8220;][et_pb_row _builder_version=&#8220;4.27.0&#8243; _module_preset=&#8220;default&#8220; global_colors_info=&#8220;{}&#8220;][et_pb_column type=&#8220;4_4&#8243; _builder_version=&#8220;4.27.0&#8243; _module_preset=&#8220;default&#8220; global_colors_info=&#8220;{}&#8220;][et_pb_text _builder_version=&#8220;4.27.0&#8243; _module_preset=&#8220;default&#8220; text_font=&#8220;&#8211;et_global_heading_font|||||on|||&#8220; text_font_size=&#8220;22px&#8220; global_colors_info=&#8220;{}&#8220;]<p style=\"text-align: center;\">Hier entsteht die Internetpr\u00e4senz<\/p>\n<p style=\"text-align: center;\">von<\/p>[\/et_pb_text][et_pb_text _builder_version=&#8220;4.27.0&#8243; _module_preset=&#8220;default&#8220; header_font=&#8220;&#8211;et_global_heading_font||||||||&#8220; global_colors_info=&#8220;{}&#8220;]<h1 style=\"text-align: center;\">Rechtsanwalt Volker Miles<\/h1>\n<p style=\"text-align: center;\">Erreichen k\u00f6nnen Sie Ihn bereits.<\/p>\n<p style=\"text-align: center;\">Mehr demn\u00e4chst!<\/p>[\/et_pb_text][\/et_pb_column][\/et_pb_row][\/et_pb_section]\n","protected":false},"excerpt":{"rendered":"<p>Hier entsteht die Internetpr\u00e4senz vonRechtsanwalt Volker Miles Erreichen k\u00f6nnen Sie Ihn bereits. Mehr demn\u00e4chst!<\/p>\n","protected":false},"author":1,"featured_media":0,"parent":0,"menu_order":0,"comment_status":"closed","ping_status":"closed","template":"","meta":{"_et_pb_use_builder":"on","_et_pb_old_content":"","_et_gb_content_width":"","footnotes":""},"class_list":["post-12","page","type-page","status-publish","hentry"],"yoast_head":"<!-- This site is optimized with the Yoast SEO plugin v23.9 - https:\/\/yoast.com\/wordpress\/plugins\/seo\/ -->\n<title>Start - ra-miles.de<\/title>\n<meta name=\"description\" content=\"Hier entsteht die Internetpr\u00e4senz des Rechtsanwalts Volker Miles. Adressen und Kontaktm\u00f6glichkeiten sind bereits zu finden.\" \/>\n<meta name=\"robots\" content=\"index, follow, max-snippet:-1, max-image-preview:large, max-video-preview:-1\" \/>\n<link rel=\"canonical\" href=\"https:\/\/ra-miles.de\/ra\/\" \/>\n<meta property=\"og:locale\" content=\"de_DE\" \/>\n<meta property=\"og:type\" content=\"article\" \/>\n<meta property=\"og:title\" content=\"Start - ra-miles.de\" \/>\n<meta property=\"og:description\" content=\"Hier entsteht die Internetpr\u00e4senz des Rechtsanwalts Volker Miles. Adressen und Kontaktm\u00f6glichkeiten sind bereits zu finden.\" \/>\n<meta property=\"og:url\" content=\"https:\/\/ra-miles.de\/ra\/\" \/>\n<meta property=\"og:site_name\" content=\"ra-miles.de\" \/>\n<meta property=\"article:modified_time\" content=\"2024-11-19T11:07:05+00:00\" \/>\n<meta name=\"twitter:card\" content=\"summary_large_image\" \/>\n<meta name=\"twitter:label1\" content=\"Gesch\u00e4tzte Lesezeit\" \/>\n\t<meta name=\"twitter:data1\" content=\"1\u00a0Minute\" \/>\n<script type=\"application\/ld+json\" class=\"yoast-schema-graph\">{\"@context\":\"https:\/\/schema.org\",\"@graph\":[{\"@type\":\"WebPage\",\"@id\":\"https:\/\/ra-miles.de\/ra\/\",\"url\":\"https:\/\/ra-miles.de\/ra\/\",\"name\":\"Start - ra-miles.de\",\"isPartOf\":{\"@id\":\"https:\/\/ra-miles.de\/ra\/#website\"},\"datePublished\":\"2024-08-09T14:52:56+00:00\",\"dateModified\":\"2024-11-19T11:07:05+00:00\",\"description\":\"Hier entsteht die Internetpr\u00e4senz des Rechtsanwalts Volker Miles. Adressen und Kontaktm\u00f6glichkeiten sind bereits zu finden.\",\"breadcrumb\":{\"@id\":\"https:\/\/ra-miles.de\/ra\/#breadcrumb\"},\"inLanguage\":\"de\",\"potentialAction\":[{\"@type\":\"ReadAction\",\"target\":[\"https:\/\/ra-miles.de\/ra\/\"]}]},{\"@type\":\"BreadcrumbList\",\"@id\":\"https:\/\/ra-miles.de\/ra\/#breadcrumb\",\"itemListElement\":[{\"@type\":\"ListItem\",\"position\":1,\"name\":\"Startseite\",\"item\":\"https:\/\/ra-miles.de\/ra\/\"},{\"@type\":\"ListItem\",\"position\":2,\"name\":\"Start\"}]},{\"@type\":\"WebSite\",\"@id\":\"https:\/\/ra-miles.de\/ra\/#website\",\"url\":\"https:\/\/ra-miles.de\/ra\/\",\"name\":\"ra-miles.de\",\"description\":\"\",\"potentialAction\":[{\"@type\":\"SearchAction\",\"target\":{\"@type\":\"EntryPoint\",\"urlTemplate\":\"https:\/\/ra-miles.de\/ra\/?s={search_term_string}\"},\"query-input\":{\"@type\":\"PropertyValueSpecification\",\"valueRequired\":true,\"valueName\":\"search_term_string\"}}],\"inLanguage\":\"de\"}]}<\/script>\n<!-- \/ Yoast SEO plugin. -->","yoast_head_json":{"title":"Start - ra-miles.de","description":"Hier entsteht die Internetpr\u00e4senz des Rechtsanwalts Volker Miles. Adressen und Kontaktm\u00f6glichkeiten sind bereits zu finden.","robots":{"index":"index","follow":"follow","max-snippet":"max-snippet:-1","max-image-preview":"max-image-preview:large","max-video-preview":"max-video-preview:-1"},"canonical":"https:\/\/ra-miles.de\/ra\/","og_locale":"de_DE","og_type":"article","og_title":"Start - ra-miles.de","og_description":"Hier entsteht die Internetpr\u00e4senz des Rechtsanwalts Volker Miles. Adressen und Kontaktm\u00f6glichkeiten sind bereits zu finden.","og_url":"https:\/\/ra-miles.de\/ra\/","og_site_name":"ra-miles.de","article_modified_time":"2024-11-19T11:07:05+00:00","twitter_card":"summary_large_image","twitter_misc":{"Gesch\u00e4tzte Lesezeit":"1\u00a0Minute"},"schema":{"@context":"https:\/\/schema.org","@graph":[{"@type":"WebPage","@id":"https:\/\/ra-miles.de\/ra\/","url":"https:\/\/ra-miles.de\/ra\/","name":"Start - ra-miles.de","isPartOf":{"@id":"https:\/\/ra-miles.de\/ra\/#website"},"datePublished":"2024-08-09T14:52:56+00:00","dateModified":"2024-11-19T11:07:05+00:00","description":"Hier entsteht die Internetpr\u00e4senz des Rechtsanwalts Volker Miles. Adressen und Kontaktm\u00f6glichkeiten sind bereits zu finden.","breadcrumb":{"@id":"https:\/\/ra-miles.de\/ra\/#breadcrumb"},"inLanguage":"de","potentialAction":[{"@type":"ReadAction","target":["https:\/\/ra-miles.de\/ra\/"]}]},{"@type":"BreadcrumbList","@id":"https:\/\/ra-miles.de\/ra\/#breadcrumb","itemListElement":[{"@type":"ListItem","position":1,"name":"Startseite","item":"https:\/\/ra-miles.de\/ra\/"},{"@type":"ListItem","position":2,"name":"Start"}]},{"@type":"WebSite","@id":"https:\/\/ra-miles.de\/ra\/#website","url":"https:\/\/ra-miles.de\/ra\/","name":"ra-miles.de","description":"","potentialAction":[{"@type":"SearchAction","target":{"@type":"EntryPoint","urlTemplate":"https:\/\/ra-miles.de\/ra\/?s={search_term_string}"},"query-input":{"@type":"PropertyValueSpecification","valueRequired":true,"valueName":"search_term_string"}}],"inLanguage":"de"}]}},"_links":{"self":[{"href":"https:\/\/ra-miles.de\/ra\/wp-json\/wp\/v2\/pages\/12","targetHints":{"allow":["GET"]}}],"collection":[{"href":"https:\/\/ra-miles.de\/ra\/wp-json\/wp\/v2\/pages"}],"about":[{"href":"https:\/\/ra-miles.de\/ra\/wp-json\/wp\/v2\/types\/page"}],"author":[{"embeddable":true,"href":"https:\/\/ra-miles.de\/ra\/wp-json\/wp\/v2\/users\/1"}],"replies":[{"embeddable":true,"href":"https:\/\/ra-miles.de\/ra\/wp-json\/wp\/v2\/comments?post=12"}],"version-history":[{"count":9,"href":"https:\/\/ra-miles.de\/ra\/wp-json\/wp\/v2\/pages\/12\/revisions"}],"predecessor-version":[{"id":46,"href":"https:\/\/ra-miles.de\/ra\/wp-json\/wp\/v2\/pages\/12\/revisions\/46"}],"wp:attachment":[{"href":"https:\/\/ra-miles.de\/ra\/wp-json\/wp\/v2\/media?parent=12"}],"curies":[{"name":"wp","href":"https:\/\/api.w.org\/{rel}","templated":true}]}}